{"id":15,"date":"2015-06-26T17:39:57","date_gmt":"2015-06-26T15:39:57","guid":{"rendered":"http:\/\/svwahler.wahler.vautronserver.de\/sicherheitsbewertung\/?page_id=15"},"modified":"2018-01-08T21:33:23","modified_gmt":"2018-01-08T20:33:23","slug":"kontakt","status":"publish","type":"page","link":"https:\/\/sicherheitsbewertung.com\/ru\/kontakt\/","title":{"rendered":"Impressum und Kontakt"},"content":{"rendered":"<p><div role=\"form\" class=\"wpcf7\" id=\"wpcf7-f18-o2\" lang=\"ru-RU\" dir=\"ltr\">\n<div class=\"screen-reader-response\"><p role=\"status\" aria-live=\"polite\" aria-atomic=\"true\"><\/p> <ul><\/ul><\/div>\n<form action=\"\/ru\/wp-json\/wp\/v2\/pages\/15#wpcf7-f18-o2\" method=\"post\" class=\"wpcf7-form init\" novalidate=\"novalidate\" data-status=\"init\">\n<div style=\"display: none;\">\n<input type=\"hidden\" name=\"_wpcf7\" value=\"18\" \/>\n<input type=\"hidden\" name=\"_wpcf7_version\" value=\"5.5.6\" \/>\n<input type=\"hidden\" name=\"_wpcf7_locale\" value=\"ru_RU\" \/>\n<input type=\"hidden\" name=\"_wpcf7_unit_tag\" value=\"wpcf7-f18-o2\" \/>\n<input type=\"hidden\" name=\"_wpcf7_container_post\" value=\"0\" \/>\n<input type=\"hidden\" name=\"_wpcf7_posted_data_hash\" value=\"\" \/>\n<\/div>\n<p>\u0412\u0430\u0448\u0435 \u0438\u043c\u044f (\u043e\u0431\u044f\u0437\u0430\u0442\u0435\u043b\u044c\u043d\u043e)<br \/>\n    <span class=\"wpcf7-form-control-wrap your-name\"><input type=\"text\" name=\"your-name\" value=\"\" size=\"40\" class=\"wpcf7-form-control wpcf7-text wpcf7-validates-as-required\" aria-required=\"true\" aria-invalid=\"false\" \/><\/span> <\/p>\n<p>\u0412\u0430\u0448 e-mail (\u043e\u0431\u044f\u0437\u0430\u0442\u0435\u043b\u044c\u043d\u043e)<br \/>\n    <span class=\"wpcf7-form-control-wrap your-email\"><input type=\"email\" name=\"your-email\" value=\"\" size=\"40\" class=\"wpcf7-form-control wpcf7-text wpcf7-email wpcf7-validates-as-required wpcf7-validates-as-email\" aria-required=\"true\" aria-invalid=\"false\" \/><\/span> <\/p>\n<p>\u0422\u0435\u043c\u0430<br \/>\n    <span class=\"wpcf7-form-control-wrap your-subject\"><input type=\"text\" name=\"your-subject\" value=\"\" size=\"40\" class=\"wpcf7-form-control wpcf7-text\" aria-invalid=\"false\" \/><\/span> <\/p>\n<p>\u0421\u043e\u043e\u0431\u0449\u0435\u043d\u0438\u0435<br \/>\n    <span class=\"wpcf7-form-control-wrap your-message\"><textarea name=\"your-message\" cols=\"40\" rows=\"10\" class=\"wpcf7-form-control wpcf7-textarea\" aria-invalid=\"false\"><\/textarea><\/span> <\/p>\n<p><input type=\"submit\" value=\"\u041e\u0442\u043f\u0440\u0430\u0432\u0438\u0442\u044c\" class=\"wpcf7-form-control has-spinner wpcf7-submit\" \/><\/p>\n<div class=\"wpcf7-response-output\" aria-hidden=\"true\"><\/div><\/form><\/div><\/p>\n<h2>Verantwortlich f\u00fcr den Inhalt dieser Website:<\/h2>\n<p><b>Sachverst\u00e4ndigenb\u00fcro Josef N. Wahler<br \/>\n<\/b>staatl. gepr. Lebensmittelchemiker<br \/>\n<span class=\"addition\">Von der Industrie- und Handelskammer f\u00fcr M\u00fcnchen und Oberbayern \u00f6ffentlich bestellter und vereidigter Sachverst\u00e4ndiger f\u00fcr Lebensmittel, Nahrungserg\u00e4nzungsmittel, Kosmetika: Deklaration, Zusammensetzung, Abgrenzung, Qualit\u00e4tssicherung in der Lebensmittelindustrie<br \/>\nQMA DIN ISO EN 9001:2008\/22000. HACCP.<\/span><\/p>\n<p>Oberf\u00f6hringer Str. 24<br \/>\nD-81925 M\u00fcnchen<br \/>\nTel.: +49 89 \u2013 28853915<br \/>\nEmail: info [at] cosmetic-consult.eu<\/p>\n<p>Websites:<br \/>\n<a href=\"http:\/\/www.food-consult.eu\/\">www.food-consult.eu<\/a><br \/>\n<a href=\"http:\/\/www.cosmetic-consult.eu\/\">www.cosmetic-consult.eu<\/a><br \/>\n<a href=\"http:\/\/www.sicherheitsbewertung.com\/\">www.sicherheitsbewertung.com<\/a><br \/>\n<a href=\"http:\/\/www.josefwahler.de\/\">www.josefwahler.de<\/a><br \/>\n<a href=\"http:\/\/www.zucker-neindanke.de\/\">www.zucker-neindanke.de<\/a><\/p>\n<p>Mitgliedschaften und Engagements:<\/p>\n<ul>\n<li>Mitglied der Gesellschaft Deutscher Chemiker (GDCh)<\/li>\n<li>Mitglied im Arbeitskreis Qualit\u00e4tsmanagement der Lebensmittelchemischen Gesellschaft (LChG)<\/li>\n<li>Vorsitzender der Gesellschaft f\u00fcr Naturheilkunde Deutschland e.V.<br \/>\n(<a href=\"http:\/\/www.sicherheitsbewertung.com\/gfn\/\">www.pro-naturheilkunde.com<\/a>)<\/li>\n<li>Gesch\u00e4ftsf\u00fchrer der Enerceutical GmbH, M\u00fcnchen<\/li>\n<li>Engagierter, anerkannter Experte und Buchautor auf dem Gebiet der Lebensmittel, Nahrungserg\u00e4nzungen, Lebensmittelqualit\u00e4t und gesundheitsf\u00f6rdernde Ern\u00e4hrung.<\/li>\n<\/ul>\n<p><b>Firmenniederlassung<\/b><br \/>\nSachverst\u00e4ndigenb\u00fcro Josef Wahler<br \/>\nB\u00fcro und Gesch\u00e4ftsf\u00fchrung<br \/>\nOberf\u00f6hringer Str. 24<br \/>\nD-81925 M\u00fcnchen<br \/>\nHerr Josef Wahler<br \/>\nstaatl. gepr. Lebensmittelchemiker<br \/>\n<span class=\"addition\">von der IHK M\u00fcnchen \u00f6ffentlich bestellter und vereidigter<br \/>\nSachverst\u00e4ndiger f\u00fcr Lebensmittel, Nahrungserg\u00e4nzungsmittel, Kosmetika,<br \/>\nDeklaration, Zusammensetzung, Abgrenzung,<br \/>\nQualit\u00e4tssicherung in der Lebensmittelindustrie<\/span><\/p>\n<p><b>Ust-ID: DE130646702<\/b><\/p>\n<p>Eine Berufshaftpflichtversicherung besteht bei der HDI Gerling Vers. AG, 66117 Saarbr\u00fccken, als freiberuflich t\u00e4tiger Lebensmittelchemiker (Lebensmittel, Nahrungserg\u00e4nzungsmittel, Kosmetika, Deklaration, Rezeptur, Qualit\u00e4tsmanagement) im r\u00e4umlichen Geltungsbereich der Europ\u00e4ischen Union und der Schweiz.<\/p>\n<p><strong>Rechnungslegung<\/strong><br \/>\nDas Honorar f\u00fcr die Dienste des Auftragnehmers wird nach den f\u00fcr die Dienstleitung aufgewendeten Zeiten nach Tagess\u00e4tzen berechnet (Zeithonorar).<br \/>\nEin nach dem Grad des Erfolges oder nur im Erfolgsfall zu zahlendes Honorar ist stets ausgeschlossen. Zus\u00e4tzlich zu den Honorarforderungen hat der Auftragnehmer auch Anspruch auf Ersatz aller Reise- und sonstigen Nebenkosten.<\/p>\n<p>Die gesetzliche MwSt. ist in Deutschland allen Honorarangaben hinzuzurechnen; sie entf\u00e4llt bei einem ausl\u00e4ndischen Beratungsort als Ort der Leistungserbringung. Soweit nicht monatliche Rechnungen nach tats\u00e4chlichem Aufwand erstellt werden, wird das Honorar zu 100% bei Auftragserteilung f\u00e4llig. Der vollst\u00e4ndige Zahlungsanspruch bleibt auch bestehen, wenn ohne Verschulden des Auftragnehmers Leistungen nicht vollst\u00e4ndig abgerufen werden oder nicht vervollst\u00e4ndigt werden k\u00f6nnen. Hiervon werden pauschal ersparte Aufwendungen in H\u00f6he von 10% in Abzug gebracht, dabei steht es dem Auftraggeber jederzeit frei, h\u00f6here ersparte Aufwendungen nachzuweisen. Der Aufwand berechnet sich auf Grundlage von Manntagen (= 8 Stunden), multipliziert mit einem t\u00e4tigkeitsbezogenen Gewichtungsfaktor (GewF). Der vollst\u00e4ndige Zahlungsanspruch bleibt auch bestehen, wenn ohne Verschulden des Auftragnehmers Leistungen nicht vollst\u00e4ndig abgerufen werden oder nicht vervollst\u00e4ndigt werden k\u00f6nnen. Hiervon werden pauschal ersparte Aufwendungen in H\u00f6he von 10% in Abzug gebracht, dabei steht es dem Auftraggeber jederzeit frei, h\u00f6here ersparte Aufwendungen nachzuweisen.<\/p>\n<p>Die Preise f\u00fcr honorarpflichtige Dienstleistungen und sonstige Nebenkosten werden als Kostenvoranschlag in einem Angebot nach detaillierter Aufgabenbeschreibung vorgestellt.<\/p>\n<p>Die Allgemeinen Gesch\u00e4ftsbedingungen werden auf Anfrage, sp\u00e4testens jedoch bei Auftragsbest\u00e4tigung per Email zugesandt.<br \/>\nF\u00fcr alle Anspr\u00fcche aus einem Vertragsverh\u00e4ltnis gilt ausschlie\u00dflich deutsches Recht.<br \/>\nErf\u00fcllungsort und Gerichtsstand ist M\u00fcnchen.<\/p>\n<p><strong>Urheberrechtshinweise:<\/strong><br \/>\nAlle auf dieser Website ver\u00f6ffentlichten Texte und Bilder sind urheberrechtlich gesch\u00fctzt. Jede Verwendung, auch von Teilen dieser Website, ohne eine vorherige schriftliche Zustimmung, verst\u00f6\u00dft somit gegen das Urheberrecht und wird mit Nachdruck verfolgt.<\/p>\n<p>Die auf dieser Website verwendeten Bilder stammen von:<br \/>\n\u00a9\u00a0Fotalia.com<\/p>\n<p class=\"disclaim\"><span style=\"color: #999999;\">Disclaimer:\u00a0<\/span>Es wird keinerlei Haftung f\u00fcr \u00dcbermittlungsfehler, Richtigkeit oder Vollst\u00e4ndigkeit von Angaben und Eintragungen auf diesem Server, sowie deren Darstellungsart \u00fcbernommen. Eine eventuelle Nennung von Produkten und Marken anderer Hersteller oder Anbieter<\/p>\n<ul class=\"disclaim\">\n<li>dient ausschlie\u00dflich der Information,<\/li>\n<li>verletzt demzufolge keine Warenzeichen bzw. Marken<\/li>\n<li>und stellt keine Empfehlung dar.<\/li>\n<\/ul>\n<p class=\"disclaim\">Hinsichtlich der Auswahl, Leistung oder Anwendung dieser Produkte oder Dienstleistungen anderer Anbieter wird keinerlei Gew\u00e4hr \u00fcbernommen. Gleiches gilt f\u00fcr das Verweisen auf andere Informationsdienste durch Hyperlinks.<\/p>\n<p><\/p>","protected":false},"excerpt":{"rendered":"<p>Verantwortlich f\u00fcr den Inhalt dieser Website: Sachverst\u00e4ndigenb\u00fcro Josef N. Wahler staatl. gepr. Lebensmittelchemiker Von der Industrie- und Handelskammer f\u00fcr M\u00fcnchen und Oberbayern \u00f6ffentlich bestellter und vereidigter Sachverst\u00e4ndiger f\u00fcr Lebensmittel, Nahrungserg\u00e4nzungsmittel, Kosmetika: Deklaration, Zusammensetzung, Abgrenzung, Qualit\u00e4tssicherung in der Lebensmittelindustrie QMA DIN ISO EN 9001:2008\/22000. HACCP. Oberf\u00f6hringer Str. 24 D-81925 M\u00fcnchen Tel.: +49 89 \u2013 28853915 Email: <a class=\"more-link\" href=\"https:\/\/sicherheitsbewertung.com\/ru\/kontakt\/\">Weiter lesen &#8230;<\/a><\/p>\n","protected":false},"author":2,"featured_media":0,"parent":0,"menu_order":0,"comment_status":"closed","ping_status":"closed","template":"","meta":[],"_links":{"self":[{"href":"https:\/\/sicherheitsbewertung.com\/ru\/wp-json\/wp\/v2\/pages\/15"}],"collection":[{"href":"https:\/\/sicherheitsbewertung.com\/ru\/wp-json\/wp\/v2\/pages"}],"about":[{"href":"https:\/\/sicherheitsbewertung.com\/ru\/wp-json\/wp\/v2\/types\/page"}],"author":[{"embeddable":true,"href":"https:\/\/sicherheitsbewertung.com\/ru\/wp-json\/wp\/v2\/users\/2"}],"replies":[{"embeddable":true,"href":"https:\/\/sicherheitsbewertung.com\/ru\/wp-json\/wp\/v2\/comments?post=15"}],"version-history":[{"count":15,"href":"https:\/\/sicherheitsbewertung.com\/ru\/wp-json\/wp\/v2\/pages\/15\/revisions"}],"predecessor-version":[{"id":76,"href":"https:\/\/sicherheitsbewertung.com\/ru\/wp-json\/wp\/v2\/pages\/15\/revisions\/76"}],"wp:attachment":[{"href":"https:\/\/sicherheitsbewertung.com\/ru\/wp-json\/wp\/v2\/media?parent=15"}],"curies":[{"name":"wp","href":"https:\/\/api.w.org\/{rel}","templated":true}]}}